{"id":173,"date":"2023-09-20T13:30:30","date_gmt":"2023-09-20T13:30:30","guid":{"rendered":"https:\/\/fotoscordoba.com\/foto-tienda\/?post_type=product&#038;p=173"},"modified":"2024-06-06T11:15:55","modified_gmt":"2024-06-06T11:15:55","slug":"fotolienzo","status":"publish","type":"product","link":"https:\/\/fotoscordoba.com\/foto-tienda\/product\/fotolienzo\/","title":{"rendered":"Fotolienzo"},"content":{"rendered":"<p><strong>\u00bfC\u00f3mo env\u00edo las fotos?<br \/>\n<\/strong>Una vez realizada la compra te enviaremos un mail de confirmaci\u00f3n.<br \/>\nCuando tengas la selecci\u00f3n de tus fotos en alta resoluci\u00f3n, envialas a trav\u00e9s de la p\u00e1gina wetransfer.com o por drive al mail fotoscordoba.tienda@gmail.com.<br \/>\nLas fotos deben ser en alta resoluci\u00f3n, pueden ser de celulares pero NO fotos que hayan sido enviadas por whatsapp o bajadas de redes sociales.<\/p>\n","protected":false},"excerpt":{"rendered":"<p>\u00bfC\u00f3mo env\u00edo las fotos? Una vez realizada la compra te enviaremos un mail de confirmaci\u00f3n. Cuando tengas la selecci\u00f3n de tus fotos en alta resoluci\u00f3n, envialas a trav\u00e9s de la p\u00e1gina wetransfer.com o por drive al mail fotoscordoba.tienda@gmail.com. Las fotos deben ser en alta resoluci\u00f3n, pueden ser de celulares pero NO fotos que hayan sido [&hellip;]<\/p>\n","protected":false},"featured_media":172,"template":"","meta":{"inline_featured_image":false},"product_cat":[16],"product_tag":[],"acf":[],"yoast_head":"<!-- This site is optimized with the Yoast SEO plugin v21.2 - https:\/\/yoast.com\/wordpress\/plugins\/seo\/ -->\n<title>Fotolienzo - FotosCordoba Tienda<\/title>\n<meta name=\"robots\" content=\"index, follow, max-snippet:-1, max-image-preview:large, max-video-preview:-1\" \/>\n<link rel=\"canonical\" href=\"https:\/\/fotoscordoba.com\/foto-tienda\/product\/fotolienzo\/\" \/>\n<meta property=\"og:locale\" content=\"es_ES\" \/>\n<meta property=\"og:type\" content=\"article\" \/>\n<meta property=\"og:title\" content=\"Fotolienzo - FotosCordoba Tienda\" \/>\n<meta property=\"og:description\" content=\"\u00bfC\u00f3mo env\u00edo las fotos? Una vez realizada la compra te enviaremos un mail de confirmaci\u00f3n. Cuando tengas la selecci\u00f3n de tus fotos en alta resoluci\u00f3n, envialas a trav\u00e9s de la p\u00e1gina wetransfer.com o por drive al mail fotoscordoba.tienda@gmail.com. Las fotos deben ser en alta resoluci\u00f3n, pueden ser de celulares pero NO fotos que hayan sido [&hellip;]\" \/>\n<meta property=\"og:url\" content=\"https:\/\/fotoscordoba.com\/foto-tienda\/product\/fotolienzo\/\" \/>\n<meta property=\"og:site_name\" content=\"FotosCordoba Tienda\" \/>\n<meta property=\"article:modified_time\" content=\"2024-06-06T11:15:55+00:00\" \/>\n<meta property=\"og:image\" content=\"https:\/\/fotoscordoba.com\/foto-tienda\/wp-content\/uploads\/2023\/09\/5fotolienzo-cordoba-fototografia-comprar.jpg\" \/>\n\t<meta property=\"og:image:width\" content=\"2000\" \/>\n\t<meta property=\"og:image:height\" content=\"1335\" \/>\n\t<meta property=\"og:image:type\" content=\"image\/jpeg\" \/>\n<meta name=\"twitter:card\" content=\"summary_large_image\" \/>\n<meta name=\"twitter:label1\" content=\"Tiempo de lectura\" \/>\n\t<meta name=\"twitter:data1\" content=\"1 minuto\" \/>\n<script type=\"application\/ld+json\" class=\"yoast-schema-graph\">{\"@context\":\"https:\/\/schema.org\",\"@graph\":[{\"@type\":\"WebPage\",\"@id\":\"https:\/\/fotoscordoba.com\/foto-tienda\/product\/fotolienzo\/\",\"url\":\"https:\/\/fotoscordoba.com\/foto-tienda\/product\/fotolienzo\/\",\"name\":\"Fotolienzo - FotosCordoba Tienda\",\"isPartOf\":{\"@id\":\"https:\/\/fotoscordoba.com\/foto-tienda\/#website\"},\"datePublished\":\"2023-09-20T13:30:30+00:00\",\"dateModified\":\"2024-06-06T11:15:55+00:00\",\"breadcrumb\":{\"@id\":\"https:\/\/fotoscordoba.com\/foto-tienda\/product\/fotolienzo\/#breadcrumb\"},\"inLanguage\":\"es\",\"potentialAction\":[{\"@type\":\"ReadAction\",\"target\":[\"https:\/\/fotoscordoba.com\/foto-tienda\/product\/fotolienzo\/\"]}]},{\"@type\":\"BreadcrumbList\",\"@id\":\"https:\/\/fotoscordoba.com\/foto-tienda\/product\/fotolienzo\/#breadcrumb\",\"itemListElement\":[{\"@type\":\"ListItem\",\"position\":1,\"name\":\"Portada\",\"item\":\"https:\/\/fotoscordoba.com\/foto-tienda\/\"},{\"@type\":\"ListItem\",\"position\":2,\"name\":\"Shop\",\"item\":\"https:\/\/fotoscordoba.com\/foto-tienda\/\"},{\"@type\":\"ListItem\",\"position\":3,\"name\":\"Fotolienzo\"}]},{\"@type\":\"WebSite\",\"@id\":\"https:\/\/fotoscordoba.com\/foto-tienda\/#website\",\"url\":\"https:\/\/fotoscordoba.com\/foto-tienda\/\",\"name\":\"FotosCordoba Tienda\",\"description\":\"Tienda de Fotolibros, Fotolienzos, Impresiones de fotos\",\"publisher\":{\"@id\":\"https:\/\/fotoscordoba.com\/foto-tienda\/#organization\"},\"potentialAction\":[{\"@type\":\"SearchAction\",\"target\":{\"@type\":\"EntryPoint\",\"urlTemplate\":\"https:\/\/fotoscordoba.com\/foto-tienda\/?s={search_term_string}\"},\"query-input\":\"required name=search_term_string\"}],\"inLanguage\":\"es\"},{\"@type\":\"Organization\",\"@id\":\"https:\/\/fotoscordoba.com\/foto-tienda\/#organization\",\"name\":\"FotosCordoba Tienda\",\"url\":\"https:\/\/fotoscordoba.com\/foto-tienda\/\",\"logo\":{\"@type\":\"ImageObject\",\"inLanguage\":\"es\",\"@id\":\"https:\/\/fotoscordoba.com\/foto-tienda\/#\/schema\/logo\/image\/\",\"url\":\"https:\/\/fotoscordoba.com\/foto-tienda\/wp-content\/uploads\/2023\/09\/logo1-1.jpg\",\"contentUrl\":\"https:\/\/fotoscordoba.com\/foto-tienda\/wp-content\/uploads\/2023\/09\/logo1-1.jpg\",\"width\":600,\"height\":196,\"caption\":\"FotosCordoba Tienda\"},\"image\":{\"@id\":\"https:\/\/fotoscordoba.com\/foto-tienda\/#\/schema\/logo\/image\/\"}}]}<\/script>\n<!-- \/ Yoast SEO plugin. -->","yoast_head_json":{"title":"Fotolienzo - FotosCordoba Tienda","robots":{"index":"index","follow":"follow","max-snippet":"max-snippet:-1","max-image-preview":"max-image-preview:large","max-video-preview":"max-video-preview:-1"},"canonical":"https:\/\/fotoscordoba.com\/foto-tienda\/product\/fotolienzo\/","og_locale":"es_ES","og_type":"article","og_title":"Fotolienzo - FotosCordoba Tienda","og_description":"\u00bfC\u00f3mo env\u00edo las fotos? Una vez realizada la compra te enviaremos un mail de confirmaci\u00f3n. Cuando tengas la selecci\u00f3n de tus fotos en alta resoluci\u00f3n, envialas a trav\u00e9s de la p\u00e1gina wetransfer.com o por drive al mail fotoscordoba.tienda@gmail.com. Las fotos deben ser en alta resoluci\u00f3n, pueden ser de celulares pero NO fotos que hayan sido [&hellip;]","og_url":"https:\/\/fotoscordoba.com\/foto-tienda\/product\/fotolienzo\/","og_site_name":"FotosCordoba Tienda","article_modified_time":"2024-06-06T11:15:55+00:00","og_image":[{"width":2000,"height":1335,"url":"https:\/\/fotoscordoba.com\/foto-tienda\/wp-content\/uploads\/2023\/09\/5fotolienzo-cordoba-fototografia-comprar.jpg","type":"image\/jpeg"}],"twitter_card":"summary_large_image","twitter_misc":{"Tiempo de lectura":"1 minuto"},"schema":{"@context":"https:\/\/schema.org","@graph":[{"@type":"WebPage","@id":"https:\/\/fotoscordoba.com\/foto-tienda\/product\/fotolienzo\/","url":"https:\/\/fotoscordoba.com\/foto-tienda\/product\/fotolienzo\/","name":"Fotolienzo - FotosCordoba Tienda","isPartOf":{"@id":"https:\/\/fotoscordoba.com\/foto-tienda\/#website"},"datePublished":"2023-09-20T13:30:30+00:00","dateModified":"2024-06-06T11:15:55+00:00","breadcrumb":{"@id":"https:\/\/fotoscordoba.com\/foto-tienda\/product\/fotolienzo\/#breadcrumb"},"inLanguage":"es","potentialAction":[{"@type":"ReadAction","target":["https:\/\/fotoscordoba.com\/foto-tienda\/product\/fotolienzo\/"]}]},{"@type":"BreadcrumbList","@id":"https:\/\/fotoscordoba.com\/foto-tienda\/product\/fotolienzo\/#breadcrumb","itemListElement":[{"@type":"ListItem","position":1,"name":"Portada","item":"https:\/\/fotoscordoba.com\/foto-tienda\/"},{"@type":"ListItem","position":2,"name":"Shop","item":"https:\/\/fotoscordoba.com\/foto-tienda\/"},{"@type":"ListItem","position":3,"name":"Fotolienzo"}]},{"@type":"WebSite","@id":"https:\/\/fotoscordoba.com\/foto-tienda\/#website","url":"https:\/\/fotoscordoba.com\/foto-tienda\/","name":"FotosCordoba Tienda","description":"Tienda de Fotolibros, Fotolienzos, Impresiones de fotos","publisher":{"@id":"https:\/\/fotoscordoba.com\/foto-tienda\/#organization"},"potentialAction":[{"@type":"SearchAction","target":{"@type":"EntryPoint","urlTemplate":"https:\/\/fotoscordoba.com\/foto-tienda\/?s={search_term_string}"},"query-input":"required name=search_term_string"}],"inLanguage":"es"},{"@type":"Organization","@id":"https:\/\/fotoscordoba.com\/foto-tienda\/#organization","name":"FotosCordoba Tienda","url":"https:\/\/fotoscordoba.com\/foto-tienda\/","logo":{"@type":"ImageObject","inLanguage":"es","@id":"https:\/\/fotoscordoba.com\/foto-tienda\/#\/schema\/logo\/image\/","url":"https:\/\/fotoscordoba.com\/foto-tienda\/wp-content\/uploads\/2023\/09\/logo1-1.jpg","contentUrl":"https:\/\/fotoscordoba.com\/foto-tienda\/wp-content\/uploads\/2023\/09\/logo1-1.jpg","width":600,"height":196,"caption":"FotosCordoba Tienda"},"image":{"@id":"https:\/\/fotoscordoba.com\/foto-tienda\/#\/schema\/logo\/image\/"}}]}},"_links":{"self":[{"href":"https:\/\/fotoscordoba.com\/foto-tienda\/wp-json\/wp\/v2\/product\/173"}],"collection":[{"href":"https:\/\/fotoscordoba.com\/foto-tienda\/wp-json\/wp\/v2\/product"}],"about":[{"href":"https:\/\/fotoscordoba.com\/foto-tienda\/wp-json\/wp\/v2\/types\/product"}],"wp:featuredmedia":[{"embeddable":true,"href":"https:\/\/fotoscordoba.com\/foto-tienda\/wp-json\/wp\/v2\/media\/172"}],"wp:attachment":[{"href":"https:\/\/fotoscordoba.com\/foto-tienda\/wp-json\/wp\/v2\/media?parent=173"}],"wp:term":[{"taxonomy":"product_cat","embeddable":true,"href":"https:\/\/fotoscordoba.com\/foto-tienda\/wp-json\/wp\/v2\/product_cat?post=173"},{"taxonomy":"product_tag","embeddable":true,"href":"https:\/\/fotoscordoba.com\/foto-tienda\/wp-json\/wp\/v2\/product_tag?post=173"}],"curies":[{"name":"wp","href":"https:\/\/api.w.org\/{rel}","templated":true}]}}